{"id":2452,"date":"2017-10-25T21:50:27","date_gmt":"2017-10-25T21:50:27","guid":{"rendered":"http:\/\/webcast.unam.mx\/?page_id=2452"},"modified":"2018-01-10T13:25:00","modified_gmt":"2018-01-10T13:25:00","slug":"solicitud-de-sesion-para-videoconferencia","status":"publish","type":"page","link":"https:\/\/webcast.unam.mx\/?page_id=2452","title":{"rendered":"Solicitud de conexi\u00f3n para videoconferencia"},"content":{"rendered":"<p>1.- Registrar la actividad\u00a0 en el formato de <a href=\"https:\/\/docs.google.com\/forms\/d\/e\/1FAIpQLSfqiN2muTFMhNxXtOXjw7cR1nlFJU3EbaoIVCEOeUgeI_8iXQ\/viewform?c=0&amp;w=1\">registro de eventos por videoconferencia<\/a><\/p>\n<p>2.- Ya que se tenga la confirmaci\u00f3n por correo de parte de <strong>contacto@vnoc.unam.mx<\/strong> y el evento se muestre en <a href=\"http:\/\/vnoc.unam.mx\/index.php\/reservaciones-en-linea\/\">&#8220;Videoconferencias hoy&#8221;<\/a>.<\/p>\n<p>Departamento de Comunicaciones Audiovisuales (Videoconferencia)<br \/>\n<a href=\"http:\/\/vnoc.unam.mx\" target=\"_blank\">http:\/\/vnoc.unam.mx<\/a><br \/>\ncontacto@vnoc.unam.mx<br \/>\n56228443<\/p>\n<p>3 .- Hay que mandar un correo a <strong>karlaec@unam.mx<\/strong> solicitando la transmisi\u00f3n por webcast e indicar en la solicitud que el evento ya se encuentra registrado en <a href=\"http:\/\/vnoc.unam.mx\/index.php\/reservaciones-en-linea\/\">&#8220;Videoconferencias hoy&#8221; <\/a><\/p>\n<p>4.- Se reserva un canal con base a la disponibilidad de los recursos y se manda en un correo al usuario con la o las ligas d\u00f3nde se podr\u00e1 visualizar la transmisi\u00f3n por Internet<\/p>\n","protected":false},"excerpt":{"rendered":"<p>1.- Registrar la actividad\u00a0 en el formato de registro de eventos por videoconferencia 2.- Ya que se tenga la confirmaci\u00f3n por correo de parte de contacto@vnoc.unam.mx y el evento se muestre en &#8220;Videoconferencias hoy&#8221;. Departamento de Comunicaciones Audiovisuales (Videoconferencia) http:\/\/vnoc.unam.mx<\/p>\n","protected":false},"author":2,"featured_media":0,"parent":0,"menu_order":0,"comment_status":"closed","ping_status":"closed","template":"","meta":[],"_links":{"self":[{"href":"https:\/\/webcast.unam.mx\/index.php?rest_route=\/wp\/v2\/pages\/2452"}],"collection":[{"href":"https:\/\/webcast.unam.mx\/index.php?rest_route=\/wp\/v2\/pages"}],"about":[{"href":"https:\/\/webcast.unam.mx\/index.php?rest_route=\/wp\/v2\/types\/page"}],"author":[{"embeddable":true,"href":"https:\/\/webcast.unam.mx\/index.php?rest_route=\/wp\/v2\/users\/2"}],"replies":[{"embeddable":true,"href":"https:\/\/webcast.unam.mx\/index.php?rest_route=%2Fwp%2Fv2%2Fcomments&post=2452"}],"version-history":[{"count":9,"href":"https:\/\/webcast.unam.mx\/index.php?rest_route=\/wp\/v2\/pages\/2452\/revisions"}],"predecessor-version":[{"id":2761,"href":"https:\/\/webcast.unam.mx\/index.php?rest_route=\/wp\/v2\/pages\/2452\/revisions\/2761"}],"wp:attachment":[{"href":"https:\/\/webcast.unam.mx\/index.php?rest_route=%2Fwp%2Fv2%2Fmedia&parent=2452"}],"curies":[{"name":"wp","href":"https:\/\/api.w.org\/{rel}","templated":true}]}}