{"id":19,"date":"2015-01-19T08:43:34","date_gmt":"2015-01-19T08:43:34","guid":{"rendered":"http:\/\/132.248.10.114\/webcast\/?page_id=19"},"modified":"2021-08-12T18:52:57","modified_gmt":"2021-08-12T23:52:57","slug":"condiciones-de-uso","status":"publish","type":"page","link":"https:\/\/webcast.unam.mx\/?page_id=19","title":{"rendered":"Condiciones de uso"},"content":{"rendered":"<h3>1.Webcast UNAM<\/h3>\n<p class=\"numlistado\"><strong>1.1<\/strong> El incumplimiento de uno o m\u00e1s requisitos t\u00e9cnicos por parte de los usuarios implica la NO GARANTIA de acceso a EL SERVICIO .<\/p>\n<p class=\"numlistado\"><strong>1.2<\/strong> EL SERVICIO est\u00e1 sujeto al r\u00e9gimen jur\u00eddico de la Universidad Nacional Aut\u00f3noma de M\u00e9xico.<\/p>\n<p class=\"numlistado\"><strong>1.3<\/strong> LA DGTIC no asume responsabilidad alguna por los retardos en la transmisi\u00f3n, borrado de archivos, fallas en el enlace, errores de almacenamiento, inconsistencia o entrega inadecuada de cualquier contenido en EL SERVICIO.<\/p>\n<p class=\"numlistado\"><strong>1.4<\/strong> La informaci\u00f3n en audio y video proporcionada a trav\u00e9s de EL SERVICIO se considera p\u00fablica. LA DGTIC no garantiza la protecci\u00f3n de los contenidos contra grabaciones, copiado y reproducciones no autorizadas.<\/p>\n<p class=\"numlistado\"><strong>1.5<\/strong> Todos los nombres de sistemas operativos, software, equipos hardware etc., que aparecen en esta normatividad son marcas registradas de sus respectivas compa\u00f1\u00edas u organizaciones.<\/p>\n<h3>2. Objetivos<\/h3>\n<p class=\"numlistado\"><strong>2.1<\/strong> Facilitar el acceso a contenidos generados en tiempo real de valor educativo, cient\u00edfico y cultural de la UNAM.<\/p>\n<p class=\"numlistado\"><strong>2.2<\/strong> Proporcionar asesor\u00eda para la utilizaci\u00f3n de la tecnolog\u00eda a fin, quien as\u00ed lo requiera en la UNAM y entidades externas.<\/p>\n<h3>3. Usuarios<\/h3>\n<p class=\"numlistado\"><strong>3.1<\/strong> Se consideran usuarios a las siguientes figuras dentro de la instituci\u00f3n:<\/p>\n<ul>\n<li>Facultades<\/li>\n<li>Escuelas<\/li>\n<li>Institutos<\/li>\n<li>Dependencias<\/li>\n<li>Personal Acad\u00e9mico<\/li>\n<li>Personal Administrativo<\/li>\n<li>Estudiantes<\/li>\n<\/ul>\n<p class=\"numlistado\"><strong>3.2<\/strong> Instituciones externas a la UNAM:<\/p>\n<ul>\n<li>Acad\u00e9micas<\/li>\n<li>Gobierno<\/li>\n<li>P\u00fablico en general<\/li>\n<\/ul>\n<h3>4. Normas t\u00e9cnicas<\/h3>\n<p class=\"numlistado\"><strong>4.1<\/strong> Est\u00e1ndares y Formatos:<\/p>\n<ul>\n<li>Ancho de ventana o visor para el formato .h264 son:&nbsp; 480 y 560&nbsp; pixeles<\/li>\n<li>El formato de transmisi\u00f3n es .h264<\/li>\n<li>Formato .h264 se puede ver en dispositivos fijos y m\u00f3viles es decir en computadoras, tel\u00e9fonos inteligentes y tabletas con cualquier sistema operativo y se graba el contenido en tiempo real, para despu\u00e9s consultar el video grabado en alg\u00fan canal de YouTube.<\/li>\n<li> YouTube <a href=\"http:\/\/www.youtube.com\/t\/community_guidelines?hl=es&amp;gl=ES\" target=\"_blank\" rel=\"noopener\">Normas de la comunidad <\/a> y <a href=\"http:\/\/www.youtube.com\/yt\/copyright\/es\/\" target=\"_blank\" rel=\"noopener\">Derechos de autor en YouTube<\/a>.<\/li>\n<\/ul>\n<p class=\"numlistado\"><strong>4.2<\/strong> Emisor: Para el acceso a EL SERVICIO, el emisor de la transmisi\u00f3n de audio y video deber\u00e1 poseer el equipo y software con las siguientes caracter\u00edsticas, en funci\u00f3n del formato de transmisi\u00f3n seleccionado por el generador del contenido.<\/p>\n<ul>\n<li>Computadora con sistema operativo: Windows 7, Windows 8 o Windows 10<\/li>\n<li>Conexi\u00f3n a Internet m\u00ednimo 1 megabit por segundo (mbps) o superior, full duplex.<\/li>\n<li>Para transmisiones por medio de .h264: Software de codificaci\u00f3n Adobe Flash Media Encoder \u00a9 en su versi\u00f3n m\u00e1s reciente publicada en<a href=\"http:\/\/www.adobe.com\" target=\"_blank\" rel=\"noopener\"> http:\/\/www.adobe.com<\/a> y el componente ACC Encoder de MainConcept \u00a9 publicado en <a href=\"http:\/\/www.mainconcept.com\/products\/plug-ins\/plug-ins-for-adobe\/aac-encoder-fmle.html\" target=\"_blank\" rel=\"noopener\">http:\/\/www.mainconcept.com\/products\/plug-ins\/plug-ins-for-adobe\/aac-encoder-fmle.html<\/a><\/li>\n<li>Cables RCA a RCA, RCA a Plug y S-Video<\/li>\n<li>Equipo de videoconferencia y pertenecer a la RVUNAM <a href=\"http:\/\/webcast.unam.mx\/?page_id=2452\">(Solicitud de sesi\u00f3n para conexi\u00f3n por videoconferencia) <\/a>o en su defecto c\u00e1maras y micr\u00f3fonos para la captura de video y audio.<\/li>\n<li>Bocinas o aud\u00edfonos.<\/li>\n<\/ul>\n<p class=\"numlistado\"><strong>4.3 <\/strong>Receptor: Para el acceso a EL SERVICIO, el receptor deber\u00e1 poseer el equipo de c\u00f3mputo y software de reproducci\u00f3n con las siguientes caracter\u00edsticas, en funci\u00f3n del formato de transmisi\u00f3n seleccionado por el generador del contenido.<\/p>\n<ul>\n<li>Computadora con sistema operativo: Windows 7 o superior, Mac OS X o superior.<\/li>\n<li>Conexi\u00f3n a Internet de 1 megabit por segundo (mbps) o superior, full duplex.<\/li>\n<li>Para transmisiones por medio de .h264: Entrar al canal de YouTube \u00a9<a href=\"https:\/\/www.youtube.com\/user\" target=\"_blank\" rel=\"noopener\"> https:\/\/www.youtube.com\/user<\/a>\/ publicado en <a href=\"http:\/\/www.webcast.unam.mx\" target=\"_blank\" rel=\"noopener\">http:\/\/www.webcast.unam.mx <\/a><\/li>\n<li>Bocinas o aud\u00edfonos.<\/li>\n<\/ul>\n<h3>5. Solicitud de servicio<\/h3>\n<p class=\"numlistado\"><strong>5.1<\/strong> El emisor debe realizar la solicitud como m\u00ednimo 4 d\u00edas h\u00e1biles previos al evento.<\/p>\n<p class=\"numlistado\"><strong>5.2 <\/strong>Dicha solicitud debe remitirla v\u00eda correo electr\u00f3nico u oficio el director, subdirector, coordinador o jefe de \u00e1rea, dirigido al \u00e1rea responsable del servicio, indicando el o los d\u00edas, horarios, sede y el medio en que se va a proporcionar el audio y video, puede ser equipo de videoconferencia&nbsp;<a href=\"http:\/\/webcast.unam.mx\/?page_id=2452\">(Solicitud de sesi\u00f3n para conexi\u00f3n por videoconferencia) <\/a> o c\u00e1maras y micr\u00f3fonos independientes.<\/p>\n<h3>6. Costo<\/h3>\n<p class=\"numlistado\"><strong>6.1 <\/strong>Para emisores UNAM no aplica costo si el servicio no requiere instalaciones o soporte adicionales a los existentes de forma regular en el sitio de origen.<\/p>\n<p class=\"numlistado\"><strong>6.2<\/strong> Emisores externos a la UNAM con base a sus requerimientos se genera una cotizaci\u00f3n espec\u00edfica, para recibir informaci\u00f3n debe de comunicarse con el \u00e1rea responsable del servicio.<\/p>\n<h3>7. Niveles de responsabilidad.<\/h3>\n<p class=\"numlistado\"><strong>7.1<\/strong> Emisor (a) del servicio:<\/p>\n<ul>\n<li>Solicitar servicio.<\/li>\n<li>Cumplir con los requisitos de solicitud.<\/li>\n<li>Cumplir con las normas t\u00e9cnicas.<\/li>\n<\/ul>\n<p class=\"numlistado\"><strong>7.2 <\/strong>Receptor (a) del servicio:<\/p>\n<ul>\n<li>Cumplir con las normas t\u00e9cnicas.<\/li>\n<\/ul>\n<p class=\"numlistado\"><strong>7.3<\/strong> Administrador (a) del servicio:<\/p>\n<ul>\n<li>Atenci\u00f3n de solicitudes<\/li>\n<li>Asignaci\u00f3n los canales de transmisi\u00f3n con base a la disponibilidad del sistema de reservaciones de videoconferencia y sitio de webcast UNAM.<\/li>\n<li>Publicaci\u00f3n de los eventos a transmitir en <a href=\"http:\/\/www.webcast.unam.mx\" target=\"_blank\" rel=\"noopener\">http:\/\/www.webcast.unam.mx <\/a><\/li>\n<li>Orientaci\u00f3n en la implementaci\u00f3n del servicio a entidades de la UNAM que as\u00ed lo requieran.<\/li>\n<li>No es responsable por fallas en el servicio debidas a causas imprevisibles, fen\u00f3menos naturales o de fuerza mayor.<\/li>\n<li>No es responsable de la administraci\u00f3n y contenido de los canales de YouTube que tenga cada entidad<\/li>\n<\/ul>\n<h3>8. Horarios de servicio<\/h3>\n<p class=\"numlistado\"><strong>8.1<\/strong> Recepci\u00f3n de solicitudes: Lunes a Viernes de 10:00-15:00 y de 16:00-19:00 hrs.<\/p>\n<p class=\"numlistado\"><strong>8.2<\/strong> Transmisi\u00f3n: Lunes a Viernes de 09:00-21:00 hrs.<\/p>\n<p class=\"numlistado\"><strong>8.3<\/strong> Todos los d\u00edas aplicables, corresponden al calendario de labores de la UNAM.<\/p>\n<h3>9. Derechos reservados<\/h3>\n<p class=\"numlistado\"><strong>9.1<\/strong> LA DGTIC se reserva todos los derechos, incluyendo pero no limitado a derechos de copias, marcas registradas, patentes, c\u00f3digos o programas y cualquier otro derecho de propiedad por contenido en EL SERVICIO.<\/p>\n<p class=\"numlistado\"><strong>9.2<\/strong> De ninguna forma LA DGTIC otorga o hereda permisos sobre otras marcas, patentes, c\u00f3digos y contenidos propiedad de terceros.<\/p>\n<p class=\"numlistado\"><strong>9.3<\/strong> El SERVICIO se proporciona bajo condiciones de mejor esfuerzo. Ello implica NO GARANTIAS en la entrega o calidad de transmisi\u00f3n en los puntos receptores.<\/p>\n<p class=\"numlistado\"><strong>9.4<\/strong> El emisor asume que el contenido generado en la UNAM o en instancias externas de forma conjunta con la UNAM se considera contenido universitario que est\u00e1 protegido por la legislaci\u00f3n de los Estados Unidos Mexicanos y de la UNAM en lo espec\u00edfico en materia de derechos de autor.<\/p>\n<p class=\"numlistado\"><strong>9.5<\/strong> LA DGTIC no asume responsabilidad alguna sobre el tipo de contenido proporcionado por el emisor del servicio. El emisor se compromete a liberar a la DGTIC y a la UNAM ante cualquier reclamaci\u00f3n de terceros por el contenido publicado.<\/p>\n<h3>10. \u00c1rea responsable del servicio<\/h3>\n<p>Direcci\u00f3n General de C\u00f3mputo y de Tecnolog\u00edas de Informaci\u00f3n y Comunicaci\u00f3n<\/p>\n<p>Direcci\u00f3n de Sistemas y Servicios Institucionales<br \/>\nProducci\u00f3n Digital<\/p>\n<p>M. en A.V. Karla Erazo Castrej\u00f3n<br \/>\nkarlaec@unam.mx<\/p>\n<p>+ (52) (55) 56228586<\/p>\n<h3>11. Aviso de privacidad<\/h3>\n<p><a href=\"https:\/\/www.tic.unam.mx\/avisoprivacidad\/\">Aviso de privacidad<\/a><\/p>\n","protected":false},"excerpt":{"rendered":"<p>1.Webcast UNAM 1.1 El incumplimiento de uno o m\u00e1s requisitos t\u00e9cnicos por parte de los usuarios implica la NO GARANTIA de acceso a EL SERVICIO . 1.2 EL SERVICIO est\u00e1 sujeto al r\u00e9gimen jur\u00eddico de la Universidad Nacional Aut\u00f3noma de<\/p>\n","protected":false},"author":2,"featured_media":0,"parent":0,"menu_order":0,"comment_status":"closed","ping_status":"closed","template":"","meta":[],"_links":{"self":[{"href":"https:\/\/webcast.unam.mx\/index.php?rest_route=\/wp\/v2\/pages\/19"}],"collection":[{"href":"https:\/\/webcast.unam.mx\/index.php?rest_route=\/wp\/v2\/pages"}],"about":[{"href":"https:\/\/webcast.unam.mx\/index.php?rest_route=\/wp\/v2\/types\/page"}],"author":[{"embeddable":true,"href":"https:\/\/webcast.unam.mx\/index.php?rest_route=\/wp\/v2\/users\/2"}],"replies":[{"embeddable":true,"href":"https:\/\/webcast.unam.mx\/index.php?rest_route=%2Fwp%2Fv2%2Fcomments&post=19"}],"version-history":[{"count":10,"href":"https:\/\/webcast.unam.mx\/index.php?rest_route=\/wp\/v2\/pages\/19\/revisions"}],"predecessor-version":[{"id":6975,"href":"https:\/\/webcast.unam.mx\/index.php?rest_route=\/wp\/v2\/pages\/19\/revisions\/6975"}],"wp:attachment":[{"href":"https:\/\/webcast.unam.mx\/index.php?rest_route=%2Fwp%2Fv2%2Fmedia&parent=19"}],"curies":[{"name":"wp","href":"https:\/\/api.w.org\/{rel}","templated":true}]}}