{"id":17,"date":"2015-01-19T08:42:27","date_gmt":"2015-01-19T08:42:27","guid":{"rendered":"http:\/\/132.248.10.114\/webcast\/?page_id=17"},"modified":"2021-08-12T18:52:16","modified_gmt":"2021-08-12T23:52:16","slug":"canales-webcast","status":"publish","type":"page","link":"https:\/\/webcast.unam.mx\/?page_id=17","title":{"rendered":"Canales Webcast"},"content":{"rendered":"<h3>Canales DSSI H264<\/h3>\n<ol>\n<li><a href=\"https:\/\/www.youtube.com\/user\/webcastunam01\" target=\"_blank\" rel=\"noopener\"> UNAM 01 YouTube<\/a><\/li>\n<li><a href=\"https:\/\/www.youtube.com\/user\/webcastunam02\" target=\"_blank\" rel=\"noopener\"> UNAM 02 YouTube<\/a><\/li>\n<li><a href=\"https:\/\/www.youtube.com\/user\/webcastunam03\" target=\"_blank\" rel=\"noopener\"> UNAM 03 YouTube<\/a><\/li>\n<h2>Facultades<\/h2>\n<ol>\n<li><a href=\"https:\/\/www.youtube.com\/channel\/UCiwVrajt89uCF5KZzRd0FDA\" target=\"_blank\" rel=\"noopener\">Facultad de Arquitectura<\/a><\/li>\n<li><a href=\"https:\/\/www.youtube.com\/channel\/UCLFEFJWpgyVlrjKKAZOl9Eg\" target=\"_blank\" rel=\"noopener\">Facultad de Artes y Dise\u00f1o<\/a><\/li>\n<li><a href=\"https:\/\/www.youtube.com\/user\/unamciencias\" target=\"_blank\" rel=\"noopener\">Facultad de Ciencias<\/a><\/li>\n<li><a href=\"https:\/\/www.youtube.com\/user\/politicasunam\" target=\"_blank\" rel=\"noopener\">Facultad de Ciencias Pol\u00edticas y Sociales<\/a><\/li>\n<li><a href=\"https:\/\/www.youtube.com\/channel\/UCmj7VRDVg4VWqoac86sQaMg\" target=\"_blank\" rel=\"noopener\">Facultad de Contadur\u00eda y Administraci\u00f3n<\/a><\/li>\n<li><a href=\"https:\/\/www.youtube.com\/user\/FacultadDerechoUnam\" target=\"_blank\" rel=\"noopener\">Facultad de Derecho<\/a><\/li>\n<li><a href=\"https:\/\/www.youtube.com\/channel\/UCZ-jLUx7AqoIJEuwl7pAbOg\" target=\"_blank\" rel=\"noopener\">Facultad de Econom\u00eda<\/a><\/li>\n<li><a href=\"https:\/\/www.youtube.com\/user\/UNAMAcatlan\" target=\"_blank\" rel=\"noopener\">Facultad de Estudios Superiores (FES) Acatl\u00e1n<\/a><\/li>\n<li><a href=\"https:\/\/www.youtube.com\/user\/UNAMFESAragon\" target=\"_blank\" rel=\"noopener\">Facultad de Estudios Superiores (FES) Arag\u00f3n<\/a><\/li>\n<li><a href=\"https:\/\/www.youtube.com\/channel\/UCORpUwvwlIiv8Oacp9Xt8RA\" target=\"_blank\" rel=\"noopener\">Facultad de Estudios Superiores (FES) Cuautitl\u00e1n<\/a><\/li>\n<li><a href=\"https:\/\/www.youtube.com\/user\/tviztacalaunam\" target=\"_blank\" rel=\"noopener\">Facultad de Estudios Superiores (FES) Iztacala<\/a><\/li>\n<li><a href=\"https:\/\/www.youtube.com\/channel\/UCoQFvnNnTQ3E2glHJOzB82w\" target=\"_blank\" rel=\"noopener\">Facultad de Estudios Superiores (FES) Zaragoza<\/a><\/li>\n<li><a href=\"https:\/\/www.youtube.com\/channel\/UCZQYV3-H4UplW1rhZcUNwQQ\" target=\"_blank\" rel=\"noopener\">Facultad de Filosof\u00eda y Letras<\/a><\/li>\n<li><a href=\"https:\/\/www.youtube.com\/user\/TVIngenieria\" target=\"_blank\" rel=\"noopener\">Facultad de Ingenier\u00eda<\/a><\/li>\n<li><a href=\"https:\/\/www.youtube.com\/channel\/UCShVBAbRLUBKQRQFYUFlpKw\" target=\"_blank\" rel=\"noopener\">Facultad de Medicina<\/a><\/li>\n<li><a href=\"https:\/\/www.youtube.com\/channel\/UC_63Oji8DuQfOguY3y7QDFQ\" target=\"_blank\" rel=\"noopener\">Facultad de Medicina Veterinaria y Zootecnia<\/a><\/li>\n<li><a href=\"https:\/\/www.youtube.com\/user\/ENMusicaUNAM\" target=\"_blank\" rel=\"noopener\">Facultad de M\u00fasica<\/a><\/li>\n<li><a href=\"https:\/\/www.youtube.com\/user\/OdontologiaUNAM\" target=\"_blank\" rel=\"noopener\">Facultad de Odontolog\u00eda<\/a><\/li>\n<li><a href=\"https:\/\/www.youtube.com\/channel\/UCqHMOz8IZukdHaz1_lGEGog\" target=\"_blank\" rel=\"noopener\">Facultad de Psicolog\u00eda<\/a><\/li>\n<li><a href=\"https:\/\/www.youtube.com\/c\/FacultaddeQuimicaUNAMOficial\" target=\"_blank\" rel=\"noopener\">Facultad de Qu\u00edmica<\/a><\/li>\n<h2>Escuelas<\/h2>\n<li><a href=\"https:\/\/www.youtube.com\/channel\/UCVitV9gCZte3MybdxTxs2DA\" target=\"_blank\" rel=\"noopener\">Escuela Nacional de Enfermer\u00eda y Obstetricia (ENEO) YouTube<\/a><\/li>\n<li><a href=\"https:\/\/www.youtube.com\/c\/ENESUNAMLEON1\" target=\"_blank\" rel=\"noopener\">Escuela Nacional de Estudios Superiores Unidad Le\u00f3n (ENES Le\u00f3n<\/a>)<\/li>\n<li><a href=\"https:\/\/www.youtube.com\/channel\/UCpuiwr6gpDLnGUz3AudTxxQ\" target=\"_blank\" rel=\"noopener\">Escuela Nacional de Estudios Superiores Unidad M\u00e9rida (ENES M\u00e9rida) YouTube<\/a><\/li>\n<li><a href=\"https:\/\/www.youtube.com\/channel\/UCXgydscWFKG1nCiHz6jjajw\" target=\"_blank\" rel=\"noopener\">Escuela Nacional de Estudios Superiores Unidad Morelia (ENES Morelia) YouTube<\/a><\/li>\n<li><a href=\"https:\/\/www.youtube.com\/channel\/UCZy_DG_5FCaHyIMwIT8FuGA\" target=\"_blank\" rel=\"noopener\">Escuela Nacional de Trabajo Social YouTube<\/a><\/li>\n<li><a href=\"https:\/\/www.youtube.com\/channel\/UCS5zyRTg9s_30hTWcmYljKw\" target=\"_blank\" rel=\"noopener\">Escuela Nacional Preparatoria Plantel 6 &#8220;Antonio Caso&#8221; YouTube<\/a><\/li>\n<li><a href=\"https:\/\/www.youtube.com\/user\/mschulzp8\/videos?flow=grid&amp;view=1\" target=\"_blank\" rel=\"noopener\">Escuela Nacional Preparatoria Plantel 8 &#8220;Miguel E. Schulz&#8221; YouTube<\/a><\/li>\n<li><a href=\"https:\/\/www.youtube.com\/channel\/UC5Eo9bofQfkZqJ4hXVTEMnA\" target=\"_blank\" rel=\"noopener\">Colegio de Ciencias y Humanidades Plantel Azcapotzalco YouTube<\/a><\/li>\n<li><a href=\"https:\/\/www.youtube.com\/channel\/UCutGAhSnBwnJC8OTo23xqbA\" target=\"_blank\" rel=\"noopener\">Colegio de Ciencias y Humanidades Plantel Naucalpan YouTube<\/a><\/li>\n<h2>Institutos<\/h2>\n<li><a href=\"https:\/\/www.youtube.com\/user\/canaliisunam\" target=\"_blank\" rel=\"noopener\"> UNAM Instituto de Investigaciones Sociales <\/a><\/li>\n<li><a href=\"https:\/\/www.youtube.com\/user\/iaunam\" target=\"_blank\" rel=\"noopener\">Instituto de Astronomia (IA)<\/a><\/li>\n<li><a href=\"https:\/\/www.youtube.com\/channel\/UCc37h6p20yGINaP3I4-1NKg\/feed\" target=\"_blank\" rel=\"noopener\">Instituto de Biolog\u00eda (IB)<\/a><\/li>\n<li><a href=\"https:\/\/www.youtube.com\/channel\/UCJ0dG-b3HGsv9Ol0UfY7UwQ\" target=\"_blank\" rel=\"noopener\">Instituto de Ciencias Aplicadas y Tecnolog\u00eda (ICAT)<\/a><\/li>\n<li><a href=\"https:\/\/www.youtube.com\/user\/icmylunam\" target=\"_blank\" rel=\"noopener\">Instituto de Ciencias del Mar y Limnolog\u00eda (ICMyL)<\/a><\/li>\n<li><a href=\"https:\/\/www.youtube.com\/channel\/UCFqVGAnbQNrBAGTgI-ItNXA\" target=\"_blank\" rel=\"noopener\">Instituto de Ciencias F\u00edsicas (ICF)<\/a><\/li>\n<li><a href=\"https:\/\/www.youtube.com\/user\/CANALICNUNAM\" target=\"_blank\" rel=\"noopener\">Instituto de Ciencias Nucleares (ICN)<\/a><\/li>\n<li><a href=\"https:\/\/www.youtube.com\/user\/IERunam\" target=\"_blank\" rel=\"noopener\">Instituto de Energ\u00edas Renovables (IER<\/a>)<\/li>\n<li><a href=\"https:\/\/www.youtube.com\/user\/IFUNAM\" target=\"_blank\" rel=\"noopener\">Instituto de F\u00edsica (IF<\/a>)<\/li>\n<li><a href=\"https:\/\/www.youtube.com\/channel\/UCB_6_NNcEQ9hku4Km4jFuww\" target=\"_blank\" rel=\"noopener\">Instituto de Fisiolog\u00eda Celular (IFC)<\/a><\/li>\n<li><a href=\"https:\/\/www.youtube.com\/user\/goefisicauecyd\/feed\" target=\"_blank\" rel=\"noopener\">Instituto de Geof\u00edsica (IGEF)<\/a><\/li>\n<li><a href=\"https:\/\/www.youtube.com\/channel\/UCeo3SrGlDtKJydhZ6Q1RIAg\" target=\"_blank\" rel=\"noopener\">Instituto de Geograf\u00eda (IGg<\/a>)<\/li>\n<li><a href=\"https:\/\/www.youtube.com\/channel\/UCWLv6Lt0c7ifyC9pGz8bCCw\" target=\"_blank\" rel=\"noopener\">Instituto de Geolog\u00eda (IGL)<\/a><\/li>\n<li><a href=\"https:\/\/www.youtube.com\/user\/IINGENUNAM\" target=\"_blank\" rel=\"noopener\">Instituto de Ingenier\u00eda (II)<\/a><\/li>\n<li><a href=\"https:\/\/www.youtube.com\/user\/biomedicasunam\" target=\"_blank\" rel=\"noopener\">Instituto de Investigaciones Biom\u00e9dicas (IIB)<\/a><\/li>\n<li><a href=\"https:\/\/www.youtube.com\/channel\/UCRZGNwIgM-jUyjSx6qlEzRA\" target=\"_blank\" rel=\"noopener\">Instituto de Investigaciones en Ecosistemas y Sustentabilidad (IIES)<\/a><\/li>\n<li><a href=\"https:\/\/www.youtube.com\/user\/IIMASUNAM\" target=\"_blank\" rel=\"noopener\">Instituto de Investigaciones en Matem\u00e1ticas Aplicadas y en Sistemas (IIMAS)<\/a><\/li>\n<li><a href=\"https:\/\/www.youtube.com\/channel\/UC7pFTFMtiCwPJvBiWLVU0eg\" target=\"_blank\" rel=\"noopener\">Instituto de Investigaciones en Materiales (IIM)<\/a><\/li>\n<li><a href=\"https:\/\/www.youtube.com\/channel\/UC7pFTFMtiCwPJvBiWLVU0eg\" target=\"_blank\" rel=\"noopener\">Instituto de Matem\u00e1ticas (IM)<\/a><\/li>\n<li><a href=\"https:\/\/www.youtube.com\/channel\/UCDX-jNXaxFnJrbYtbyeE4oQ\/featured\" target=\"_blank\" rel=\"noopener\">Instituto de Qu\u00edmica (IQ)<\/a><\/li>\n<li><a href=\"https:\/\/www.youtube.com\/user\/iiaunam\" target=\"_blank\" rel=\"noopener\">Instituto de Investigaciones Antropol\u00f3gicas (IIA)<\/a><\/li>\n<li><a href=\"https:\/\/www.youtube.com\/user\/IIBUNAM\" target=\"_blank\" rel=\"noopener\">Instituto de Investigaciones Bibliogr\u00e1ficas (IIB)<\/a><\/li>\n<li><a href=\"https:\/\/www.youtube.com\/user\/CUIB100\" target=\"_blank\" rel=\"noopener\">Instituto de Investigaciones Bibliotecol\u00f3gicas&nbsp;y de la Informaci\u00f3n (IIBI)<\/a><\/li>\n<li><a href=\"https:\/\/www.youtube.com\/channel\/UC6cdOl93Hegb-L_jb0o45iQ\" target=\"_blank\" rel=\"noopener\">Instituto de Investigaciones Econ\u00f3micas (IIEC)<\/a><\/li>\n<li><a href=\"https:\/\/www.youtube.com\/user\/iieunam\" target=\"_blank\" rel=\"noopener\">Instituto de Investigaciones Est\u00e9ticas (IIE)<\/a><\/li>\n<li><a href=\"https:\/\/www.youtube.com\/channel\/UCaAqRfHbXDUR8RJ7iqYP-Yg\" target=\"_blank\" rel=\"noopener\">Instituto de Investigaciones Filol\u00f3gicas (IIFL)<\/a><\/li>\n<li><a href=\"https:\/\/www.youtube.com\/user\/IIFsUNAM\" target=\"_blank\" rel=\"noopener\">Instituto de Investigaciones Filos\u00f3ficas (IIFs)<\/a><\/li>\n<li><a href=\"https:\/\/www.youtube.com\/user\/historicasunam\" target=\"_blank\" rel=\"noopener\">Instituto de Investigaciones Hist\u00f3ricas (IIH)<\/a><\/li>\n<li><a href=\"https:\/\/www.youtube.com\/user\/IIJUNAM\" target=\"_blank\" rel=\"noopener\">Instituto de Investigaciones Jur\u00eddicas (IIJ<\/a>)<\/li>\n<li><a href=\"https:\/\/www.youtube.com\/user\/canaliisunam\" target=\"_blank\" rel=\"noopener\">Instituto de Investigaciones Sociales (IIS)<\/a><\/li>\n<li><a href=\"https:\/\/www.youtube.com\/user\/IISUEunam\" target=\"_blank\" rel=\"noopener\">Instituto de Investigaciones sobre la Universidad y la Educaci\u00f3n (IISUE)<\/a><\/li>\n<h2>Coordinaci\u00f3n de Humanidades<\/h2>\n<li><a href=\"https:\/\/www.youtube.com\/channel\/UCJ0dG-b3HGsv9Ol0UfY7UwQ\" target=\"_blank\" rel=\"noopener\"> UNAM Centro de Ciencias Aplicadas y Desarrollo Tecnol\u00f3gico YouTube<\/a><\/li>\n<li><a href=\"https:\/\/www.youtube.com\/channel\/UCPhGkEe9jI0GjqyTJ3HFWOA\" target=\"_blank\" rel=\"noopener\">Coordinaci\u00f3n de Humanidades<\/a><\/li>\n<li><a href=\"https:\/\/www.youtube.com\/channel\/UCZXcX1mr9XtAVsVYurTWtgQ\" target=\"_blank\" rel=\"noopener\">Centro de Investigaciones sobre Am\u00e9rica Latina y el Caribe (CIALC)<\/a><\/li>\n<li><a href=\"https:\/\/www.youtube.com\/user\/CEIICHUNAM\" target=\"_blank\" rel=\"noopener\">Centro de Investigaciones Interdisciplinarias en Ciencias y Humanidades (CEIICH)<\/a><\/li>\n<li><a href=\"https:\/\/www.youtube.com\/user\/bibliopueg\" target=\"_blank\" rel=\"noopener\">Centro de Investigaciones y Estudios de G\u00e9nero (CIEG)<\/a><\/li>\n<li><a href=\"https:\/\/www.youtube.com\/user\/cisanunamweb\" target=\"_blank\" rel=\"noopener\">Centro de Investigaciones sobre Am\u00e9rica del Norte (CISAN)<\/a><\/li>\n<li><a href=\"https:\/\/www.youtube.com\/user\/CEPHCISUNAMMX\" target=\"_blank\" rel=\"noopener\">Centro Peninsular en Humanidades y Ciencias Sociales (CEPHCIS)<\/a><\/li>\n<li><a href=\"https:\/\/www.youtube.com\/user\/DocenciaCRIM\" target=\"_blank\" rel=\"noopener\">Centro Regional de Investigaciones Multidisciplinarias (CRIM)<\/a><\/li>\n<li><a href=\"https:\/\/www.youtube.com\/user\/PUDHUNAM\/about\">Programa Universitario de Derechos Humanos (PUDH)<\/a><\/li>\n<li><a href=\"https:\/\/www.youtube.com\/channel\/UCD2H4AcACNd9zxb_RDQwRAg\" target=\"_blank\" rel=\"noopener\">Programa Universitario de Estudios del Desarrollo (PUED)<\/a><\/li>\n<li><a href=\"https:\/\/www.youtube.com\/channel\/UCB7v4d5aOB2uAqDJM_YVeiQ\" target=\"_blank\" rel=\"noopener\">Programa Universitario de Estudios sobre Asia y \u00c1frica (PUEAA)<\/a><\/li>\n<li><a href=\"https:\/\/www.youtube.com\/user\/puecunam0\" target=\"_blank\" rel=\"noopener\">Programa Universitario de Estudios sobre la Ciudad (PUEC)<\/a><\/li>\n<li><a href=\"https:\/\/www.youtube.com\/user\/unampumc\" target=\"_blank\" rel=\"noopener\">Programa Universitario Diversidad Cultural e Interculturalidad (PUIC)<\/a><\/li>\n<li><a href=\"https:\/\/www.youtube.com\/channel\/UCGKtGZSPLsSJbwc7LXDvWRw\/featured\" target=\"_blank\" rel=\"noopener\">Centro de Ense\u00f1anza para Extranjeros (CEPE)<\/a><\/li>\n<li><a href=\"https:\/\/www.youtube.com\/channel\/UCyStzu5eqH_w79kaHj38hQQ\" target=\"_blank\" rel=\"noopener\">Escuela Nacional de Lenguas, Ling\u00fc\u00edstica y Traducci\u00f3n&nbsp;(ENALLT)<\/a><\/li>\n<li><a href=\"https:\/\/www.youtube.com\/channel\/UCCmoIW0SpYK7NvyYZyyxuVA\" target=\"_blank\" rel=\"noopener\">Centro de Investigaciones Multidisciplinarias sobre Chiapas y la Frontera Sur (CIMSUR)<\/a><\/li>\n<h2>Coordinaci\u00f3n de Investigaci\u00f3n<\/h2>\n<li><a href=\"https:\/\/www.youtube.com\/channel\/UCTqkzyoSzV_ZNniS1wYvSuA\" target=\"_blank\" rel=\"noopener\">UNAM Direcci\u00f3n General de Divulgaci\u00f3n de la Ciencia <\/a><\/li>\n<li><a href=\"https:\/\/www.youtube.com\/channel\/UC4lwyXlMarmQ9KdoYTx95MQ\" target=\"_blank\" rel=\"noopener\">Innovaci\u00f3n UNAM<\/a><\/li>\n<li><a href=\"https:\/\/www.youtube.com\/user\/CCAUNAM\" target=\"_blank\" rel=\"noopener\">Centro de Ciencias de la Atm\u00f3sfera ( CCA)<\/a><\/li>\n<li><a href=\"https:\/\/www.youtube.com\/channel\/UCQxGOUBpWX7Fgq0MdMd5_yg\" target=\"_blank\" rel=\"noopener\">Centro de Ciencias Gen\u00f3micas ( CCG<\/a>)<\/li>\n<li><a href=\"https:\/\/www.youtube.com\/channel\/UCAVo-R5gRD1VLNVEN3fyQBg\" target=\"_blank\" rel=\"noopener\">Centro de Ciencias Matem\u00e1ticas ( CCM)<\/a><\/li>\n<li><a href=\"https:\/\/www.youtube.com\/user\/CFATA2002\" target=\"_blank\" rel=\"noopener\">Centro de F\u00edsica Aplicada y Tecnolog\u00eda Avanzada (CFATA)<\/a><\/li>\n<li><a href=\"https:\/\/www.youtube.com\/channel\/UC9iHnkfGt0a7dTWyweT4AnQ\" target=\"_blank\" rel=\"noopener\">Centro de Geociencias<\/a><\/li>\n<li><a href=\"https:\/\/www.youtube.com\/channel\/UCu5Vqh-tnuf_yMNcF_fzaZQ\" target=\"_blank\" rel=\"noopener\">Centro de Investigaciones en Geograf\u00eda Ambiental  (CIGA)<\/a><\/li>\n<li><a href=\"https:\/\/www.youtube.com\/user\/DGDCUNAM\" target=\"_blank\" rel=\"noopener\">Direcci\u00f3n General de Divulgaci\u00f3n de la Ciencia (DGDC)<\/a><\/li>\n<li><a href=\"https:\/\/www.youtube.com\/channel\/UCFY-oo-omkfDpJKdPsIDbtQ\" target=\"_blank\" rel=\"noopener\">Programa Espacial Universitaria (PUE)<\/a><\/li>\n<li><a href=\"https:\/\/www.youtube.com\/user\/UNAMPINCC\" target=\"_blank\" rel=\"noopener\">Programa de Investigaci\u00f3n en Cambio Clim\u00e1tico (PINCC)<\/a><\/li>\n<li><a href=\"https:\/\/www.youtube.com\/channel\/UC9IRL9MxCmdjwxJPR9fJDmQ\" target=\"_blank\" rel=\"noopener\">Programa Universitario de Investigaci\u00f3n en Salud  (PUIS)<\/a><\/li>\n<h2>Cultura<\/h2>\n<li><a href=\"https:\/\/www.youtube.com\/user\/CatedraBergmanUnam\" target=\"_blank\" rel=\"noopener\"> UNAM C\u00e1tedra Ingmar Bergman<\/a><\/li>\n<li><a href=\"https:\/\/www.youtube.com\/user\/ConectaUNAM\" target=\"_blank\" rel=\"noopener\"> UNAM Conecta YouTube<\/a><\/li>\n<li><a href=\"https:\/\/www.youtube.com\/channel\/UCDaRHOeEHfD3ZyA_zMXzFSA?\" target=\"_blank\" rel=\"noopener\">UNAM Centro de Exposiciones y Congresos YouTube<\/a><\/li>\n<li><a href=\"https:\/\/www.youtube.com\/channel\/UCbkxvxlkORxOkArdnw2snMQ\" target=\"_blank\" rel=\"noopener\">UNAM Auditorio Alfonso Caso YouTube<\/a><\/li>\n<li><a href=\"https:\/\/www.youtube.com\/c\/FILMineriaUNAM\" target=\"_blank\" rel=\"noopener\">UNAM Feria Internacional del Libro YouTube<\/a><\/li>\n<li><a href=\"https:\/\/www.youtube.com\/user\/teveunam\" target=\"_blank\" rel=\"noopener\">TV UNAM<\/a><\/li>\n<li><a href=\"https:\/\/www.youtube.com\/channel\/UCB_CLh72OkgGSjLjj0uJPng\/featured\" target=\"_blank\" rel=\"noopener\">Radio UNAM<\/a><\/li>\n<li><a href=\"https:\/\/www.youtube.com\/channel\/UC3FXo9IU8ORFWtcPZ2a96Yg\" target=\"_blank\" rel=\"noopener\">Gaceta Digital UNAM<\/a><\/li>\n<li><a href=\"https:\/\/www.youtube.com\/channel\/UCgbQ9TfXBJTMDKRoIGff8Og\" target=\"_blank\" rel=\"noopener\">Libros UNAM<\/a><\/li>\n<li><a href=\"https:\/\/www.youtube.com\/revistacomoves\" target=\"_blank\" rel=\"noopener\">Revista \u00bfc\u00f3mo ves?<\/a><\/li>\n<li><a href=\"https:\/\/www.youtube.com\/user\/RevistaCienciasUnam\" target=\"_blank\" rel=\"noopener\">Revista Ciencias<\/a><\/li>\n<h2>Deportes<\/h2>\n<li><a href=\"https:\/\/www.youtube.com\/user\/activdeportivas\" target=\"_blank\" rel=\"noopener\">Direccion General de Deportes Universitario (DGDU)<\/a><\/li>\n<li><a href=\"https:\/\/www.youtube.com\/user\/PumasMXoficial\" target=\"_blank\" rel=\"noopener\">Club Pumas Soccer (CPS)<\/a><\/li>\n<li><a href=\"https:\/\/www.youtube.com\/user\/activdeportivas\" target=\"_blank\" rel=\"noopener\">Futbol americano<\/a><\/li>\n<h2>CUAED<\/h2>\n<li><a href=\"https:\/\/www.youtube.com\/user\/UNAMACADEMICO\" target=\"_blank\" rel=\"noopener\">Coordinaci\u00f3n de Universidad Abierta y Educacion a Distancia <\/a><\/li>\n<h2>Campos foraneos<\/h2>\n<li><a href=\"https:\/\/www.youtube.com\/channel\/UCoSaHf9YXsyELairFVDmv4Q\" target=\"_blank\" rel=\"noopener\">Juriquilla<\/a><\/li>\n<li><a href=\"https:\/\/www.youtube.com\/channel\/UCXgydscWFKG1nCiHz6jjajw\" target=\"_blank\" rel=\"noopener\">Morelia<\/a><\/li>\n<li><a href=\"https:\/\/www.youtube.com\/channel\/UCQxGOUBpWX7Fgq0MdMd5_yg\/about\" target=\"_blank\" rel=\"noopener\">Morelos <\/a><\/li>\n<li><a href=\"https:\/\/www.youtube.com\/c\/ENESUNAMLEON1\" target=\"_blank\" rel=\"noopener\">Leon<\/a><\/li>\n<li><a href=\"https:\/\/www.youtube.com\/channel\/UCjwVRkUBU0_4aZIPUMXneIg\" target=\"_blank\" rel=\"noopener\">UNAM Educaci\u00f3n Continua ENES Le\u00f3n YouTube<\/a><\/li>\n<\/ol>\n<\/ol>\n","protected":false},"excerpt":{"rendered":"<p>Canales DSSI H264 UNAM 01 YouTube UNAM 02 YouTube UNAM 03 YouTube Facultades Facultad de Arquitectura Facultad de Artes y Dise\u00f1o Facultad de Ciencias Facultad de Ciencias Pol\u00edticas y Sociales Facultad de Contadur\u00eda y Administraci\u00f3n Facultad de Derecho Facultad de<\/p>\n","protected":false},"author":2,"featured_media":0,"parent":0,"menu_order":0,"comment_status":"closed","ping_status":"closed","template":"","meta":[],"_links":{"self":[{"href":"https:\/\/webcast.unam.mx\/index.php?rest_route=\/wp\/v2\/pages\/17"}],"collection":[{"href":"https:\/\/webcast.unam.mx\/index.php?rest_route=\/wp\/v2\/pages"}],"about":[{"href":"https:\/\/webcast.unam.mx\/index.php?rest_route=\/wp\/v2\/types\/page"}],"author":[{"embeddable":true,"href":"https:\/\/webcast.unam.mx\/index.php?rest_route=\/wp\/v2\/users\/2"}],"replies":[{"embeddable":true,"href":"https:\/\/webcast.unam.mx\/index.php?rest_route=%2Fwp%2Fv2%2Fcomments&post=17"}],"version-history":[{"count":31,"href":"https:\/\/webcast.unam.mx\/index.php?rest_route=\/wp\/v2\/pages\/17\/revisions"}],"predecessor-version":[{"id":6974,"href":"https:\/\/webcast.unam.mx\/index.php?rest_route=\/wp\/v2\/pages\/17\/revisions\/6974"}],"wp:attachment":[{"href":"https:\/\/webcast.unam.mx\/index.php?rest_route=%2Fwp%2Fv2%2Fmedia&parent=17"}],"curies":[{"name":"wp","href":"https:\/\/api.w.org\/{rel}","templated":true}]}}